{"id":1712,"date":"2024-11-05T01:09:34","date_gmt":"2024-11-05T01:09:34","guid":{"rendered":"https:\/\/facarpa.cl\/?post_type=product&#038;p=1712"},"modified":"2024-11-05T01:10:12","modified_gmt":"2024-11-05T01:10:12","slug":"piso-carpa-200","status":"publish","type":"product","link":"https:\/\/facarpa.cl\/index.php\/product\/piso-carpa-200\/","title":{"rendered":"Piso carpa 200"},"content":{"rendered":"<p>El rollo de Tarpaulin de 4 metros de ancho y 50 metros de largo en tonos azul gris, dise\u00f1ado especialmente como piso de carpa, ofrece durabilidad, impermeabilidad y est\u00e9tica atractiva, convirti\u00e9ndolo en una soluci\u00f3n ideal para eventos al aire libre, campamentos, ferias y m\u00e1s.<\/p>\n","protected":false},"excerpt":{"rendered":"<p>El rollo de Tarpaulin de 4 metros de ancho y 50 metros de largo en tonos azul gris, dise\u00f1ado especialmente como piso de carpa, ofrece durabilidad, impermeabilidad y est\u00e9tica atractiva, convirti\u00e9ndolo en una soluci\u00f3n ideal para eventos al aire libre, campamentos, ferias y m\u00e1s.<\/p>\n","protected":false},"featured_media":1719,"comment_status":"open","ping_status":"closed","template":"","meta":[],"product_brand":[],"product_cat":[15],"product_tag":[],"class_list":{"0":"post-1712","1":"product","2":"type-product","3":"status-publish","4":"has-post-thumbnail","6":"product_cat-pvc","8":"first","9":"instock","10":"taxable","11":"shipping-taxable","12":"purchasable","13":"product-type-variable"},"jetpack_sharing_enabled":true,"_links":{"self":[{"href":"https:\/\/facarpa.cl\/index.php\/wp-json\/wp\/v2\/product\/1712","targetHints":{"allow":["GET"]}}],"collection":[{"href":"https:\/\/facarpa.cl\/index.php\/wp-json\/wp\/v2\/product"}],"about":[{"href":"https:\/\/facarpa.cl\/index.php\/wp-json\/wp\/v2\/types\/product"}],"replies":[{"embeddable":true,"href":"https:\/\/facarpa.cl\/index.php\/wp-json\/wp\/v2\/comments?post=1712"}],"wp:featuredmedia":[{"embeddable":true,"href":"https:\/\/facarpa.cl\/index.php\/wp-json\/wp\/v2\/media\/1719"}],"wp:attachment":[{"href":"https:\/\/facarpa.cl\/index.php\/wp-json\/wp\/v2\/media?parent=1712"}],"wp:term":[{"taxonomy":"product_brand","embeddable":true,"href":"https:\/\/facarpa.cl\/index.php\/wp-json\/wp\/v2\/product_brand?post=1712"},{"taxonomy":"product_cat","embeddable":true,"href":"https:\/\/facarpa.cl\/index.php\/wp-json\/wp\/v2\/product_cat?post=1712"},{"taxonomy":"product_tag","embeddable":true,"href":"https:\/\/facarpa.cl\/index.php\/wp-json\/wp\/v2\/product_tag?post=1712"}],"curies":[{"name":"wp","href":"https:\/\/api.w.org\/{rel}","templated":true}]}}