{"id":1725,"date":"2024-11-05T01:16:03","date_gmt":"2024-11-05T01:16:03","guid":{"rendered":"https:\/\/facarpa.cl\/?post_type=product&#038;p=1725"},"modified":"2024-11-05T01:16:04","modified_gmt":"2024-11-05T01:16:04","slug":"piso-carpa-270","status":"publish","type":"product","link":"https:\/\/facarpa.cl\/index.php\/product\/piso-carpa-270\/","title":{"rendered":"Piso carpa 270"},"content":{"rendered":"<div id=\"product-1712\" class=\"product type-product post-1712 status-publish first instock product_cat-pvc has-post-thumbnail shipping-taxable purchasable product-type-variable ct-default-gallery ct-ajax-add-to-cart sticky-summary\">\n<div class=\"woocommerce-tabs wc-tabs-wrapper\" data-type=\"type-1:center\">\n<article>\n<div id=\"tab-description\" class=\"woocommerce-Tabs-panel woocommerce-Tabs-panel--description panel entry-content is-layout-flow wc-tab\" role=\"tabpanel\" aria-labelledby=\"tab-title-description\">\n<p>El rollo de Tarpaulin de 4 metros de ancho y 50 metros de largo espesor 0.44 mm en tonos azul gris, dise\u00f1ado especialmente como piso de carpa, ofrece durabilidad, impermeabilidad y est\u00e9tica atractiva, convirti\u00e9ndolo en una soluci\u00f3n ideal para eventos al aire libre, campamentos, ferias y m\u00e1s.<\/p>\n<\/div>\n<\/article>\n<\/div>\n<\/div>\n<section class=\"related products ct-constrained-width ct-hidden-sm ct-hidden-md\">\n<h2><\/h2>\n<\/section>\n","protected":false},"excerpt":{"rendered":"<p>El rollo de Tarpaulin de 4 metros de ancho y 50 metros de largo espesor 0.44 mm en tonos azul gris, dise\u00f1ado especialmente como piso de carpa, ofrece durabilidad, impermeabilidad y est\u00e9tica atractiva, convirti\u00e9ndolo en una soluci\u00f3n ideal para eventos al aire libre, campamentos, ferias y m\u00e1s.<\/p>\n","protected":false},"featured_media":1726,"comment_status":"open","ping_status":"closed","template":"","meta":[],"product_brand":[],"product_cat":[15],"product_tag":[],"class_list":{"0":"post-1725","1":"product","2":"type-product","3":"status-publish","4":"has-post-thumbnail","6":"product_cat-pvc","8":"first","9":"instock","10":"taxable","11":"shipping-taxable","12":"product-type-variable"},"jetpack_sharing_enabled":true,"_links":{"self":[{"href":"https:\/\/facarpa.cl\/index.php\/wp-json\/wp\/v2\/product\/1725","targetHints":{"allow":["GET"]}}],"collection":[{"href":"https:\/\/facarpa.cl\/index.php\/wp-json\/wp\/v2\/product"}],"about":[{"href":"https:\/\/facarpa.cl\/index.php\/wp-json\/wp\/v2\/types\/product"}],"replies":[{"embeddable":true,"href":"https:\/\/facarpa.cl\/index.php\/wp-json\/wp\/v2\/comments?post=1725"}],"wp:featuredmedia":[{"embeddable":true,"href":"https:\/\/facarpa.cl\/index.php\/wp-json\/wp\/v2\/media\/1726"}],"wp:attachment":[{"href":"https:\/\/facarpa.cl\/index.php\/wp-json\/wp\/v2\/media?parent=1725"}],"wp:term":[{"taxonomy":"product_brand","embeddable":true,"href":"https:\/\/facarpa.cl\/index.php\/wp-json\/wp\/v2\/product_brand?post=1725"},{"taxonomy":"product_cat","embeddable":true,"href":"https:\/\/facarpa.cl\/index.php\/wp-json\/wp\/v2\/product_cat?post=1725"},{"taxonomy":"product_tag","embeddable":true,"href":"https:\/\/facarpa.cl\/index.php\/wp-json\/wp\/v2\/product_tag?post=1725"}],"curies":[{"name":"wp","href":"https:\/\/api.w.org\/{rel}","templated":true}]}}