{"id":1732,"date":"2024-11-05T01:26:57","date_gmt":"2024-11-05T01:26:57","guid":{"rendered":"https:\/\/facarpa.cl\/?post_type=product&#038;p=1732"},"modified":"2024-11-05T01:40:59","modified_gmt":"2024-11-05T01:40:59","slug":"malla-raschel-65","status":"publish","type":"product","link":"https:\/\/facarpa.cl\/index.php\/product\/malla-raschel-65\/","title":{"rendered":"Malla raschel 65%"},"content":{"rendered":"<p>Tela Raschel 65% Sombra, red tejida a base de pl\u00e1stico compuesto de polietileno de alta densidad (HDPE), este producto se destaca gracias a sus especiales caracter\u00edsticas y atributos tales como su protecci\u00f3n que genera contra el sol (rayos UV), liviana, f\u00e1cil de mantener, protege contra el polvo, permite la libre circulaci\u00f3n de aire y su gran durabilidad y resistencia hacen de esta malla extraordinario producto. Valor por metro lineal<\/p>\n","protected":false},"excerpt":{"rendered":"<p>Tela Raschel 65% Sombra, red tejida a base de pl\u00e1stico compuesto de polietileno de alta densidad (HDPE), este producto se destaca gracias a sus especiales caracter\u00edsticas y atributos tales como su protecci\u00f3n que genera contra el sol (rayos UV), liviana, f\u00e1cil de mantener, protege contra el polvo, permite la libre circulaci\u00f3n de aire y su [&hellip;]<\/p>\n","protected":false},"featured_media":1733,"comment_status":"open","ping_status":"closed","template":"","meta":[],"product_brand":[],"product_cat":[18],"product_tag":[],"class_list":{"0":"post-1732","1":"product","2":"type-product","3":"status-publish","4":"has-post-thumbnail","6":"product_cat-mallas","8":"first","9":"instock","10":"taxable","11":"shipping-taxable","12":"purchasable","13":"product-type-variable"},"jetpack_sharing_enabled":true,"_links":{"self":[{"href":"https:\/\/facarpa.cl\/index.php\/wp-json\/wp\/v2\/product\/1732","targetHints":{"allow":["GET"]}}],"collection":[{"href":"https:\/\/facarpa.cl\/index.php\/wp-json\/wp\/v2\/product"}],"about":[{"href":"https:\/\/facarpa.cl\/index.php\/wp-json\/wp\/v2\/types\/product"}],"replies":[{"embeddable":true,"href":"https:\/\/facarpa.cl\/index.php\/wp-json\/wp\/v2\/comments?post=1732"}],"wp:featuredmedia":[{"embeddable":true,"href":"https:\/\/facarpa.cl\/index.php\/wp-json\/wp\/v2\/media\/1733"}],"wp:attachment":[{"href":"https:\/\/facarpa.cl\/index.php\/wp-json\/wp\/v2\/media?parent=1732"}],"wp:term":[{"taxonomy":"product_brand","embeddable":true,"href":"https:\/\/facarpa.cl\/index.php\/wp-json\/wp\/v2\/product_brand?post=1732"},{"taxonomy":"product_cat","embeddable":true,"href":"https:\/\/facarpa.cl\/index.php\/wp-json\/wp\/v2\/product_cat?post=1732"},{"taxonomy":"product_tag","embeddable":true,"href":"https:\/\/facarpa.cl\/index.php\/wp-json\/wp\/v2\/product_tag?post=1732"}],"curies":[{"name":"wp","href":"https:\/\/api.w.org\/{rel}","templated":true}]}}