{"id":1838,"date":"2024-11-05T12:32:49","date_gmt":"2024-11-05T12:32:49","guid":{"rendered":"https:\/\/facarpa.cl\/?post_type=product&#038;p=1838"},"modified":"2026-04-27T15:08:35","modified_gmt":"2026-04-27T15:08:35","slug":"carpa-camion-rampla","status":"publish","type":"product","link":"https:\/\/facarpa.cl\/index.php\/product\/carpa-camion-rampla\/","title":{"rendered":"Carpa cami\u00f3n Rampla"},"content":{"rendered":"<p>Carpa polipropileno, confecci\u00f3n nacional, terminaci\u00f3n perimetral con alma de vida de nylon trenzado en 3mm espesor.<\/p>\n<p>Ojetillos zincados 3\/4<\/p>\n<p>Descripci\u00f3n: 0.28mm espesor, 200 gr x m2<\/p>\n<p>Colores disponibles<\/p>\n<p>Azul- Silver<\/p>\n<p>Rojo<\/p>\n<p>Verde<\/p>\n<p>Blanco<\/p>\n<p>Rojo<\/p>\n","protected":false},"excerpt":{"rendered":"<p>Carpa polipropileno, confecci\u00f3n nacional, terminaci\u00f3n perimetral con alma de vida de nylon trenzado en 3mm espesor. Ojetillos zincados 3\/4 Descripci\u00f3n: 0.28mm espesor, 200 gr x m2 Colores disponibles Azul- Silver Rojo Verde Blanco Rojo<\/p>\n","protected":false},"featured_media":1842,"comment_status":"open","ping_status":"closed","template":"","meta":[],"product_brand":[],"product_cat":[19],"product_tag":[],"class_list":{"0":"post-1838","1":"product","2":"type-product","3":"status-publish","4":"has-post-thumbnail","6":"product_cat-carpas","8":"first","9":"instock","10":"taxable","11":"shipping-taxable","12":"purchasable","13":"product-type-variable"},"jetpack_sharing_enabled":true,"_links":{"self":[{"href":"https:\/\/facarpa.cl\/index.php\/wp-json\/wp\/v2\/product\/1838","targetHints":{"allow":["GET"]}}],"collection":[{"href":"https:\/\/facarpa.cl\/index.php\/wp-json\/wp\/v2\/product"}],"about":[{"href":"https:\/\/facarpa.cl\/index.php\/wp-json\/wp\/v2\/types\/product"}],"replies":[{"embeddable":true,"href":"https:\/\/facarpa.cl\/index.php\/wp-json\/wp\/v2\/comments?post=1838"}],"wp:featuredmedia":[{"embeddable":true,"href":"https:\/\/facarpa.cl\/index.php\/wp-json\/wp\/v2\/media\/1842"}],"wp:attachment":[{"href":"https:\/\/facarpa.cl\/index.php\/wp-json\/wp\/v2\/media?parent=1838"}],"wp:term":[{"taxonomy":"product_brand","embeddable":true,"href":"https:\/\/facarpa.cl\/index.php\/wp-json\/wp\/v2\/product_brand?post=1838"},{"taxonomy":"product_cat","embeddable":true,"href":"https:\/\/facarpa.cl\/index.php\/wp-json\/wp\/v2\/product_cat?post=1838"},{"taxonomy":"product_tag","embeddable":true,"href":"https:\/\/facarpa.cl\/index.php\/wp-json\/wp\/v2\/product_tag?post=1838"}],"curies":[{"name":"wp","href":"https:\/\/api.w.org\/{rel}","templated":true}]}}